{"id":289,"date":"2023-12-07T16:00:42","date_gmt":"2023-12-07T15:00:42","guid":{"rendered":"https:\/\/tecnoaguas.es\/hosteleria"},"modified":"2023-12-18T17:13:35","modified_gmt":"2023-12-18T16:13:35","slug":"hosteleria","status":"publish","type":"page","link":"https:\/\/tecnoaguas.es\/ca\/hosteleria","title":{"rendered":"Hosteleria"},"content":{"rendered":"<p>[et_pb_section fb_built=&#8221;1&#8243; _builder_version=&#8221;4.23.1&#8243; _module_preset=&#8221;default&#8221; background_color=&#8221;#00162d&#8221; background_image=&#8221;https:\/\/tecnoaguas.es\/wp-content\/uploads\/2023\/11\/s2.jpg&#8221; background_enable_video_mp4=&#8221;off&#8221; custom_padding=&#8221;150px||100px||false|false&#8221; global_colors_info=&#8221;{}&#8221;][et_pb_row column_structure=&#8221;1_2,1_2&#8243; _builder_version=&#8221;4.23.1&#8243; _module_preset=&#8221;default&#8221; global_colors_info=&#8221;{}&#8221;][et_pb_column type=&#8221;1_2&#8243; _builder_version=&#8221;4.23.1&#8243; _module_preset=&#8221;default&#8221; global_colors_info=&#8221;{}&#8221;][et_pb_text _builder_version=&#8221;4.23.1&#8243; _module_preset=&#8221;a56c933f-c42a-40e8-b4a3-ea9a22c3b5ab&#8221; header_text_color=&#8221;#000000&#8243; header_font_size=&#8221;65px&#8221; header_line_height=&#8221;1.1em&#8221; hover_enabled=&#8221;0&#8243; global_colors_info=&#8221;{}&#8221; header_font=&#8221;|800|||||||&#8221; sticky_enabled=&#8221;0&#8243;]<\/p>\n<h1>Hosteleria<\/h1>\n<p>[\/et_pb_text][\/et_pb_column][et_pb_column type=&#8221;1_2&#8243; _builder_version=&#8221;4.23.1&#8243; _module_preset=&#8221;default&#8221; global_colors_info=&#8221;{}&#8221;][\/et_pb_column][\/et_pb_row][\/et_pb_section][et_pb_section fb_built=&#8221;1&#8243; _builder_version=&#8221;4.23.1&#8243; _module_preset=&#8221;default&#8221; background_image=&#8221;https:\/\/tecnoaguas.es\/wp-content\/uploads\/2023\/11\/s7.png&#8221; global_colors_info=&#8221;{}&#8221;][et_pb_row column_structure=&#8221;1_2,1_2&#8243; make_equal=&#8221;on&#8221; _builder_version=&#8221;4.23.1&#8243; _module_preset=&#8221;default&#8221; global_colors_info=&#8221;{}&#8221;][et_pb_column type=&#8221;1_2&#8243; _builder_version=&#8221;4.23.1&#8243; _module_preset=&#8221;default&#8221; global_colors_info=&#8221;{}&#8221;][et_pb_text _builder_version=&#8221;4.23.1&#8243; _module_preset=&#8221;3733fb4d-7260-4717-bf95-84819b5451a1&#8243; global_colors_info=&#8221;{}&#8221;]<\/p>\n<h2>Solucions per a l&#8217;hostaleria<span style=\"color: #29569a;\">.<\/span><\/h2>\n<p>[\/et_pb_text][et_pb_text _builder_version=&#8221;4.23.1&#8243; _module_preset=&#8221;d6c9e4f7-c8a1-4da3-ac9b-b748686f0b09&#8243; text_text_color=&#8221;#000000&#8243; text_font_size=&#8221;14px&#8221; custom_margin=&#8221;||30px||false|false&#8221; global_colors_info=&#8221;{}&#8221;]Des dels seus inicis Tecno-Aguas es dedica a oferir solucions en tots els \u00e0mbits i molt especialment en Hostaleria.<\/p>\n<p>La qualitat de l\u2019aigua \u00e9s fonamental pel correcte funcionament i manteniment de la maquin\u00e0ria, aix\u00ed com el resultat final del l rentat de vaixelles, crsitalleria, roba, etc. i una millor elaboraci\u00f3 d\u2019infusions, aliments, gla\u00e7ons, etc. La nostra gamma d\u2019aparells compr\u00e8n des del m\u00e9s petit descalcificador per a una sola m\u00e0quina (cafeteres, rentavaixelles, forns, etc.) fins a equips per tractar l\u2019aigua d\u2019un restaurant, hotel,\u2026 i ja sigui descalcificaci\u00f3, filtraci\u00f3, osmosi inversa, etc.<\/p>\n<p>Equips de cloraci\u00f3 autom\u00e0tica de dip\u00f2sits d\u2019aigua potable i contraincendis.<\/p>\n<p>Oferim els nostres aparells aix\u00ed com servei t\u00e8cnic per solucionar qualsevol tipus de problema si es presenta cap incid\u00e8ncia.[\/et_pb_text][\/et_pb_column][et_pb_column type=&#8221;1_2&#8243; _builder_version=&#8221;4.23.1&#8243; _module_preset=&#8221;default&#8221; global_colors_info=&#8221;{}&#8221;][et_pb_image src=&#8221;https:\/\/tecnoaguas.es\/wp-content\/uploads\/2023\/12\/1.jpg&#8221; alt=&#8221;Hosteler\u00eda TAA&#8221; title_text=&#8221;Hosteler\u00eda TAA&#8221; _builder_version=&#8221;4.23.1&#8243; _module_preset=&#8221;default&#8221; global_colors_info=&#8221;{}&#8221;][\/et_pb_image][\/et_pb_column][\/et_pb_row][\/et_pb_section][et_pb_section fb_built=&#8221;1&#8243; custom_padding_last_edited=&#8221;on|desktop&#8221; admin_label=&#8221;Footer CTA&#8221; _builder_version=&#8221;4.23.1&#8243; _module_preset=&#8221;default&#8221; background_image=&#8221;https:\/\/tecnoaguas.es\/wp-content\/uploads\/2023\/11\/h9.jpg&#8221; custom_padding=&#8221;0px||120px||false|false&#8221; custom_padding_tablet=&#8221;||0px||false|false&#8221; custom_padding_phone=&#8221;||||false|false&#8221; global_module=&#8221;272&#8243; saved_tabs=&#8221;all&#8221; collapsed=&#8221;on&#8221; global_colors_info=&#8221;{%22gcid-c61d595c-65d1-455d-b447-e1edcceee1e9%22:%91%22background_color_gradient_stops%22,%22background_color_gradient_stops%22%93}&#8221;][et_pb_row column_structure=&#8221;1_2,1_2&#8243; use_custom_gutter=&#8221;on&#8221; gutter_width=&#8221;1&#8243; make_equal=&#8221;on&#8221; _builder_version=&#8221;4.23.1&#8243; _module_preset=&#8221;default&#8221; custom_padding=&#8221;0px||0px||true|false&#8221; box_shadow_style=&#8221;preset4&#8243; box_shadow_horizontal=&#8221;30vw&#8221; box_shadow_vertical=&#8221;0px&#8221; box_shadow_color=&#8221;gcid-3a379ca8-6bf9-434c-8a61-08511851f29f&#8221; global_colors_info=&#8221;{%22gcid-3a379ca8-6bf9-434c-8a61-08511851f29f%22:%91%22box_shadow_color%22%93}&#8221;][et_pb_column type=&#8221;1_2&#8243; _builder_version=&#8221;4.23.1&#8243; _module_preset=&#8221;default&#8221; background_color=&#8221;gcid-ba664267-6f92-4ac5-a88f-855d6fa318fd&#8221; custom_padding=&#8221;40px|20px|40px|20px|true|true&#8221; custom_padding_tablet=&#8221;30px|30px|30px|30px|true|true&#8221; custom_padding_phone=&#8221;20px|20px|20px|20px|true|true&#8221; custom_padding_last_edited=&#8221;off|desktop&#8221; global_colors_info=&#8221;{%22gcid-ba664267-6f92-4ac5-a88f-855d6fa318fd%22:%91%22background_color%22%93}&#8221;][et_pb_text _builder_version=&#8221;4.23.1&#8243; _module_preset=&#8221;3733fb4d-7260-4717-bf95-84819b5451a1&#8243; header_2_font=&#8221;|700|||||||&#8221; header_2_text_color=&#8221;#FFFFFF&#8221; header_2_font_size=&#8221;35px&#8221; global_colors_info=&#8221;{}&#8221;]<\/p>\n<h2>Necessites els nostres serveis?<\/h2>\n<p>[\/et_pb_text][\/et_pb_column][et_pb_column type=&#8221;1_2&#8243; _builder_version=&#8221;4.19.0&#8243; _module_preset=&#8221;default&#8221; background_color=&#8221;gcid-3a379ca8-6bf9-434c-8a61-08511851f29f&#8221; custom_padding=&#8221;40px|40px|40px|40px|true|true&#8221; custom_padding_tablet=&#8221;30px|30px|30px|30px|true|true&#8221; custom_padding_phone=&#8221;20px|20px|20px|20px|true|true&#8221; custom_padding_last_edited=&#8221;on|tablet&#8221; global_colors_info=&#8221;{%22gcid-ba664267-6f92-4ac5-a88f-855d6fa318fd%22:%91%22background_color%22%93,%22gcid-3a379ca8-6bf9-434c-8a61-08511851f29f%22:%91%22background_color%22%93}&#8221;][et_pb_text _builder_version=&#8221;4.23.1&#8243; _module_preset=&#8221;ee146dfe-ce92-4292-886e-5a556845418a&#8221; header_3_font=&#8221;|700|||||||&#8221; header_3_text_color=&#8221;#FFFFFF&#8221; global_colors_info=&#8221;{}&#8221;]<\/p>\n<h3>Contacta amb nosaltres<\/h3>\n<p>[\/et_pb_text][et_pb_button button_url=&#8221;\/ca\/contacte&#8221; button_text=&#8221;Contactar&#8221; _builder_version=&#8221;4.23.1&#8243; _module_preset=&#8221;4ccf63ec-e9ea-41b6-babe-75bed7bc7e72&#8243; locked=&#8221;off&#8221; global_colors_info=&#8221;{}&#8221;][\/et_pb_button][\/et_pb_column][\/et_pb_row][\/et_pb_section]<\/p>\n","protected":false},"excerpt":{"rendered":"<p>HosteleriaSolucions per a l&#8217;hostaleria.Des dels seus inicis Tecno-Aguas es dedica a oferir solucions en tots els \u00e0mbits i molt especialment en Hostaleria. La qualitat de l\u2019aigua \u00e9s fonamental pel correcte funcionament i manteniment de la maquin\u00e0ria, aix\u00ed com el resultat final del l rentat de vaixelles, crsitalleria, roba, etc. i una millor elaboraci\u00f3 d\u2019infusions, aliments, [&hellip;]<\/p>\n","protected":false},"author":1,"featured_media":0,"parent":0,"menu_order":0,"comment_status":"closed","ping_status":"closed","template":"","meta":{"_et_pb_use_builder":"on","_et_pb_old_content":"","_et_gb_content_width":"","footnotes":""},"class_list":["post-289","page","type-page","status-publish","hentry"],"yoast_head":"<!-- This site is optimized with the Yoast SEO plugin v26.8 - https:\/\/yoast.com\/product\/yoast-seo-wordpress\/ -->\n<title>Hosteleria - Tecno Aguas<\/title>\n<meta name=\"robots\" content=\"index, follow, max-snippet:-1, max-image-preview:large, max-video-preview:-1\" \/>\n<link rel=\"canonical\" href=\"https:\/\/tecnoaguas.es\/ca\/hosteleria\" \/>\n<meta property=\"og:locale\" content=\"ca_ES\" \/>\n<meta property=\"og:type\" content=\"article\" \/>\n<meta property=\"og:title\" content=\"Hosteleria - Tecno Aguas\" \/>\n<meta property=\"og:description\" content=\"HosteleriaSolucions per a l&#039;hostaleria.Des dels seus inicis Tecno-Aguas es dedica a oferir solucions en tots els \u00e0mbits i molt especialment en Hostaleria. La qualitat de l\u2019aigua \u00e9s fonamental pel correcte funcionament i manteniment de la maquin\u00e0ria, aix\u00ed com el resultat final del l rentat de vaixelles, crsitalleria, roba, etc. i una millor elaboraci\u00f3 d\u2019infusions, aliments, [&hellip;]\" \/>\n<meta property=\"og:url\" content=\"https:\/\/tecnoaguas.es\/ca\/hosteleria\" \/>\n<meta property=\"og:site_name\" content=\"Tecno Aguas\" \/>\n<meta property=\"article:modified_time\" content=\"2023-12-18T16:13:35+00:00\" \/>\n<meta name=\"twitter:card\" content=\"summary_large_image\" \/>\n<meta name=\"twitter:label1\" content=\"Temps estimat de lectura\" \/>\n\t<meta name=\"twitter:data1\" content=\"4 minuts\" \/>\n<script type=\"application\/ld+json\" class=\"yoast-schema-graph\">{\"@context\":\"https:\/\/schema.org\",\"@graph\":[{\"@type\":\"WebPage\",\"@id\":\"https:\/\/tecnoaguas.es\/ca\/hosteleria\",\"url\":\"https:\/\/tecnoaguas.es\/ca\/hosteleria\",\"name\":\"Hosteleria - Tecno Aguas\",\"isPartOf\":{\"@id\":\"https:\/\/tecnoaguas.es\/#website\"},\"datePublished\":\"2023-12-07T15:00:42+00:00\",\"dateModified\":\"2023-12-18T16:13:35+00:00\",\"inLanguage\":\"ca\",\"potentialAction\":[{\"@type\":\"ReadAction\",\"target\":[\"https:\/\/tecnoaguas.es\/ca\/hosteleria\"]}]},{\"@type\":\"WebSite\",\"@id\":\"https:\/\/tecnoaguas.es\/#website\",\"url\":\"https:\/\/tecnoaguas.es\/\",\"name\":\"Tecno Aguas\",\"description\":\"\",\"potentialAction\":[{\"@type\":\"SearchAction\",\"target\":{\"@type\":\"EntryPoint\",\"urlTemplate\":\"https:\/\/tecnoaguas.es\/?s={search_term_string}\"},\"query-input\":{\"@type\":\"PropertyValueSpecification\",\"valueRequired\":true,\"valueName\":\"search_term_string\"}}],\"inLanguage\":\"ca\"}]}<\/script>\n<!-- \/ Yoast SEO plugin. -->","yoast_head_json":{"title":"Hosteleria - Tecno Aguas","robots":{"index":"index","follow":"follow","max-snippet":"max-snippet:-1","max-image-preview":"max-image-preview:large","max-video-preview":"max-video-preview:-1"},"canonical":"https:\/\/tecnoaguas.es\/ca\/hosteleria","og_locale":"ca_ES","og_type":"article","og_title":"Hosteleria - Tecno Aguas","og_description":"HosteleriaSolucions per a l'hostaleria.Des dels seus inicis Tecno-Aguas es dedica a oferir solucions en tots els \u00e0mbits i molt especialment en Hostaleria. La qualitat de l\u2019aigua \u00e9s fonamental pel correcte funcionament i manteniment de la maquin\u00e0ria, aix\u00ed com el resultat final del l rentat de vaixelles, crsitalleria, roba, etc. i una millor elaboraci\u00f3 d\u2019infusions, aliments, [&hellip;]","og_url":"https:\/\/tecnoaguas.es\/ca\/hosteleria","og_site_name":"Tecno Aguas","article_modified_time":"2023-12-18T16:13:35+00:00","twitter_card":"summary_large_image","twitter_misc":{"Temps estimat de lectura":"4 minuts"},"schema":{"@context":"https:\/\/schema.org","@graph":[{"@type":"WebPage","@id":"https:\/\/tecnoaguas.es\/ca\/hosteleria","url":"https:\/\/tecnoaguas.es\/ca\/hosteleria","name":"Hosteleria - Tecno Aguas","isPartOf":{"@id":"https:\/\/tecnoaguas.es\/#website"},"datePublished":"2023-12-07T15:00:42+00:00","dateModified":"2023-12-18T16:13:35+00:00","inLanguage":"ca","potentialAction":[{"@type":"ReadAction","target":["https:\/\/tecnoaguas.es\/ca\/hosteleria"]}]},{"@type":"WebSite","@id":"https:\/\/tecnoaguas.es\/#website","url":"https:\/\/tecnoaguas.es\/","name":"Tecno Aguas","description":"","potentialAction":[{"@type":"SearchAction","target":{"@type":"EntryPoint","urlTemplate":"https:\/\/tecnoaguas.es\/?s={search_term_string}"},"query-input":{"@type":"PropertyValueSpecification","valueRequired":true,"valueName":"search_term_string"}}],"inLanguage":"ca"}]}},"_links":{"self":[{"href":"https:\/\/tecnoaguas.es\/ca\/wp-json\/wp\/v2\/pages\/289","targetHints":{"allow":["GET"]}}],"collection":[{"href":"https:\/\/tecnoaguas.es\/ca\/wp-json\/wp\/v2\/pages"}],"about":[{"href":"https:\/\/tecnoaguas.es\/ca\/wp-json\/wp\/v2\/types\/page"}],"author":[{"embeddable":true,"href":"https:\/\/tecnoaguas.es\/ca\/wp-json\/wp\/v2\/users\/1"}],"replies":[{"embeddable":true,"href":"https:\/\/tecnoaguas.es\/ca\/wp-json\/wp\/v2\/comments?post=289"}],"version-history":[{"count":4,"href":"https:\/\/tecnoaguas.es\/ca\/wp-json\/wp\/v2\/pages\/289\/revisions"}],"predecessor-version":[{"id":367,"href":"https:\/\/tecnoaguas.es\/ca\/wp-json\/wp\/v2\/pages\/289\/revisions\/367"}],"wp:attachment":[{"href":"https:\/\/tecnoaguas.es\/ca\/wp-json\/wp\/v2\/media?parent=289"}],"curies":[{"name":"wp","href":"https:\/\/api.w.org\/{rel}","templated":true}]}}