{"id":306,"date":"2023-12-07T17:22:33","date_gmt":"2023-12-07T16:22:33","guid":{"rendered":"https:\/\/tecnoaguas.es\/osmosis-inversa"},"modified":"2023-12-11T10:46:38","modified_gmt":"2023-12-11T09:46:38","slug":"osmosis-inversa","status":"publish","type":"page","link":"https:\/\/tecnoaguas.es\/ca\/osmosis-inversa","title":{"rendered":"Osmosi Inversa"},"content":{"rendered":"<p>[et_pb_section fb_built=&#8221;1&#8243; _builder_version=&#8221;4.23.1&#8243; _module_preset=&#8221;default&#8221; background_color=&#8221;#00162d&#8221; use_background_color_gradient=&#8221;on&#8221; background_color_gradient_stops=&#8221;rgba(95,154,186,0.9) 0%|rgba(95,154,186,0.51) 100%&#8221; background_color_gradient_overlays_image=&#8221;on&#8221; background_image=&#8221;https:\/\/tecnoaguas.es\/wp-content\/uploads\/2023\/12\/Banner-TAA-3-1.png&#8221; background_enable_video_mp4=&#8221;off&#8221; custom_padding=&#8221;150px||100px||false|false&#8221; global_colors_info=&#8221;{}&#8221;][et_pb_row _builder_version=&#8221;4.23.1&#8243; _module_preset=&#8221;default&#8221; global_colors_info=&#8221;{}&#8221;][et_pb_column type=&#8221;4_4&#8243; _builder_version=&#8221;4.23.1&#8243; _module_preset=&#8221;default&#8221; global_colors_info=&#8221;{}&#8221;][et_pb_text _builder_version=&#8221;4.23.1&#8243; _module_preset=&#8221;a56c933f-c42a-40e8-b4a3-ea9a22c3b5ab&#8221; header_text_color=&#8221;#FFFFFF&#8221; header_font_size=&#8221;65px&#8221; header_line_height=&#8221;1.1em&#8221; hover_enabled=&#8221;0&#8243; global_colors_info=&#8221;{}&#8221; sticky_enabled=&#8221;0&#8243;]<\/p>\n<h1>Osmosi Inversa<\/h1>\n<p>[\/et_pb_text][\/et_pb_column][\/et_pb_row][\/et_pb_section][et_pb_section fb_built=&#8221;1&#8243; _builder_version=&#8221;4.23.1&#8243; _module_preset=&#8221;default&#8221; background_enable_image=&#8221;off&#8221; global_colors_info=&#8221;{}&#8221;][et_pb_row make_equal=&#8221;on&#8221; _builder_version=&#8221;4.23.1&#8243; _module_preset=&#8221;default&#8221; custom_padding=&#8221;||0px|||&#8221; custom_css_main_element=&#8221;align-items: center;&#8221; global_colors_info=&#8221;{}&#8221;][et_pb_column type=&#8221;4_4&#8243; _builder_version=&#8221;4.23.1&#8243; _module_preset=&#8221;default&#8221; global_colors_info=&#8221;{}&#8221;][et_pb_text _builder_version=&#8221;4.23.1&#8243; _module_preset=&#8221;d6c9e4f7-c8a1-4da3-ac9b-b748686f0b09&#8243; text_text_color=&#8221;#000000&#8243; text_font_size=&#8221;14px&#8221; custom_margin=&#8221;||30px||false|false&#8221; hover_enabled=&#8221;0&#8243; global_colors_info=&#8221;{}&#8221; sticky_enabled=&#8221;0&#8243;]Des del sistema dom\u00e8stic d\u2019instal\u2022laci\u00f3 sota pica m\u00e9s b\u00e0sic, fins a grans equips per a l\u2019alimentaci\u00f3 de processos industrials, dissenyem i subministrem plantes d\u2019osmosi completes, incloent-hi el pretractament idoni d\u2019acord amb les caracter\u00edstiques de l\u2019aigua crua.<\/p>\n<p>Disposem tamb\u00e9 de dip\u00f2sits per emmagatzematge i grups de pressi\u00f3 per l\u2019alimentaci\u00f3 de maquin\u00e0ria amb l\u2019aigua osmotitzada, aix\u00ed com equips complementaris per a la protecci\u00f3 i desinfecci\u00f3 d\u2019aquesta aigua (dosificadors de clor, esterilitzadors UV, etc.)<\/p>\n<p>[\/et_pb_text][\/et_pb_column][\/et_pb_row][et_pb_row _builder_version=&#8221;4.23.1&#8243; _module_preset=&#8221;default&#8221; custom_padding=&#8221;||0px|||&#8221; border_color_bottom=&#8221;#285599&#8243; global_colors_info=&#8221;{}&#8221;][et_pb_column type=&#8221;4_4&#8243; _builder_version=&#8221;4.23.1&#8243; _module_preset=&#8221;default&#8221; global_colors_info=&#8221;{}&#8221;][et_pb_text _builder_version=&#8221;4.23.1&#8243; _module_preset=&#8221;d6c9e4f7-c8a1-4da3-ac9b-b748686f0b09&#8243; text_text_color=&#8221;#000000&#8243; text_font_size=&#8221;14px&#8221; header_2_font=&#8221;|700|||||||&#8221; header_2_font_size=&#8221;22px&#8221; custom_margin=&#8221;||||false|false&#8221; hover_enabled=&#8221;0&#8243; global_colors_info=&#8221;{}&#8221; sticky_enabled=&#8221;0&#8243;]<\/p>\n<h2>Osmosis Dom\u00e8stica<\/h2>\n<p>Amb el sistema instal\u00b7lat baix l\u2019aig\u00fcera, obtindrem la millor aigua per beure, cuinar, preparar infusions, biberons, etc.<\/p>\n<p>Els sistemes d\u2019osmosi comprenen una \u00e0mplia gamma de segur que s\u2019adapten a les nostres necessitats i economia: des del m\u00e9s b\u00e0sic i econ\u00f2mic de 5 etapes amb disp\u00f2sit acumulador de 8 litres, fins el sistema m\u00e9s sofisticat i amb millor rendiment de fluxe directe que no necessita un dip\u00f2sit acumulador.<\/p>\n<p>[\/et_pb_text][\/et_pb_column][\/et_pb_row][et_pb_row column_structure=&#8221;1_2,1_2&#8243; _builder_version=&#8221;4.23.1&#8243; _module_preset=&#8221;default&#8221; border_width_bottom=&#8221;2px&#8221; border_color_bottom=&#8221;#285599&#8243; global_colors_info=&#8221;{}&#8221;][et_pb_column type=&#8221;1_2&#8243; _builder_version=&#8221;4.23.1&#8243; _module_preset=&#8221;default&#8221; global_colors_info=&#8221;{}&#8221;][et_pb_image src=&#8221;https:\/\/tecnoaguas.es\/wp-content\/uploads\/2023\/12\/osmosis-inversa1-44da7c7872.jpg&#8221; title_text=&#8221;osmosis-inversa1-44da7c7872&#8243; align=&#8221;center&#8221; _builder_version=&#8221;4.23.1&#8243; _module_preset=&#8221;default&#8221; global_colors_info=&#8221;{}&#8221;][\/et_pb_image][et_pb_text _builder_version=&#8221;4.23.1&#8243; _module_preset=&#8221;d6c9e4f7-c8a1-4da3-ac9b-b748686f0b09&#8243; text_text_color=&#8221;#000000&#8243; text_font_size=&#8221;14px&#8221; header_2_font=&#8221;|700|||||||&#8221; header_2_font_size=&#8221;22px&#8221; header_3_font=&#8221;|700||on|||||&#8221; header_3_font_size=&#8221;20px&#8221; text_orientation=&#8221;center&#8221; custom_margin=&#8221;||18px||false|false&#8221; global_colors_info=&#8221;{}&#8221;]<\/p>\n<h3>OSMOSIS TA-100<\/h3>\n<p>[\/et_pb_text][et_pb_button button_url=&#8221;https:\/\/tecnoaguas.es\/wp-content\/uploads\/2023\/12\/FOLLETO-OSMOSIS.pdf&#8221; url_new_window=&#8221;on&#8221; button_text=&#8221;Fullet informatiu&#8221; button_alignment=&#8221;center&#8221; _builder_version=&#8221;4.23.1&#8243; _module_preset=&#8221;default&#8221; hover_enabled=&#8221;0&#8243; global_colors_info=&#8221;{}&#8221; sticky_enabled=&#8221;0&#8243;][\/et_pb_button][\/et_pb_column][et_pb_column type=&#8221;1_2&#8243; _builder_version=&#8221;4.23.1&#8243; _module_preset=&#8221;default&#8221; global_colors_info=&#8221;{}&#8221;][et_pb_image src=&#8221;https:\/\/tecnoaguas.es\/wp-content\/uploads\/2023\/12\/osmosis-inversa4-a2e8cd7961.jpg&#8221; title_text=&#8221;osmosis-inversa4-a2e8cd7961&#8243; align=&#8221;center&#8221; _builder_version=&#8221;4.23.1&#8243; _module_preset=&#8221;default&#8221; global_colors_info=&#8221;{}&#8221;][\/et_pb_image][et_pb_text _builder_version=&#8221;4.23.1&#8243; _module_preset=&#8221;d6c9e4f7-c8a1-4da3-ac9b-b748686f0b09&#8243; text_text_color=&#8221;#000000&#8243; text_font_size=&#8221;14px&#8221; header_2_font=&#8221;|700|||||||&#8221; header_2_font_size=&#8221;22px&#8221; header_3_font=&#8221;|700||on|||||&#8221; header_3_font_size=&#8221;20px&#8221; text_orientation=&#8221;center&#8221; custom_margin=&#8221;||18px||false|false&#8221; global_colors_info=&#8221;{}&#8221;]<\/p>\n<h3>OSMOSIS TA-100<\/h3>\n<p>[\/et_pb_text][et_pb_button button_url=&#8221;https:\/\/tecnoaguas.es\/wp-content\/uploads\/2023\/12\/NOVA-MERLIN.pdf&#8221; url_new_window=&#8221;on&#8221; button_text=&#8221;Fullet informatiu&#8221; button_alignment=&#8221;center&#8221; _builder_version=&#8221;4.23.1&#8243; _module_preset=&#8221;default&#8221; hover_enabled=&#8221;0&#8243; global_colors_info=&#8221;{}&#8221; sticky_enabled=&#8221;0&#8243;][\/et_pb_button][\/et_pb_column][\/et_pb_row][et_pb_row _builder_version=&#8221;4.23.1&#8243; _module_preset=&#8221;default&#8221; custom_padding=&#8221;||0px|||&#8221; border_color_bottom=&#8221;#285599&#8243; global_colors_info=&#8221;{}&#8221;][et_pb_column type=&#8221;4_4&#8243; _builder_version=&#8221;4.23.1&#8243; _module_preset=&#8221;default&#8221; global_colors_info=&#8221;{}&#8221;][et_pb_text _builder_version=&#8221;4.23.1&#8243; _module_preset=&#8221;d6c9e4f7-c8a1-4da3-ac9b-b748686f0b09&#8243; text_text_color=&#8221;#000000&#8243; text_font_size=&#8221;14px&#8221; header_2_font=&#8221;|700|||||||&#8221; header_2_font_size=&#8221;22px&#8221; custom_margin=&#8221;||||false|false&#8221; hover_enabled=&#8221;0&#8243; global_colors_info=&#8221;{}&#8221; sticky_enabled=&#8221;0&#8243;]<\/p>\n<h2>Osmosis Industrial<\/h2>\n<p>Per satisfer la demanda d\u2019aigua osmotitzada, dissenyem l\u2019equip complet que millor s\u2019adapti a les necessitats de consum.<\/p>\n<p>En este dise\u00f1o se incluyen los equipos de pretratamiento indsipensables para su correcto funcionamiento: filtraci\u00f3n, decloraci\u00f3n, dosificaci\u00f3n, y, si es necesario, el posterior almacenamiento y bombeo para la alimentaci\u00f3n a maquinaria.<\/p>\n<p>Des d\u2019equips per a 1000 l\/dia fins els m\u00b3 necessaris.<\/p>\n<p>[\/et_pb_text][\/et_pb_column][\/et_pb_row][et_pb_row column_structure=&#8221;1_3,1_3,1_3&#8243; _builder_version=&#8221;4.23.1&#8243; _module_preset=&#8221;default&#8221; border_color_bottom=&#8221;#285599&#8243; global_colors_info=&#8221;{}&#8221;][et_pb_column type=&#8221;1_3&#8243; _builder_version=&#8221;4.23.1&#8243; _module_preset=&#8221;default&#8221; global_colors_info=&#8221;{}&#8221;][et_pb_image src=&#8221;https:\/\/tecnoaguas.es\/wp-content\/uploads\/2023\/12\/osmosis-industrial2-e432746a5c.jpg&#8221; title_text=&#8221;osmosis-industrial2-e432746a5c&#8221; align=&#8221;center&#8221; _builder_version=&#8221;4.23.1&#8243; _module_preset=&#8221;default&#8221; global_colors_info=&#8221;{}&#8221;][\/et_pb_image][\/et_pb_column][et_pb_column type=&#8221;1_3&#8243; _builder_version=&#8221;4.23.1&#8243; _module_preset=&#8221;default&#8221; global_colors_info=&#8221;{}&#8221;][et_pb_image src=&#8221;https:\/\/tecnoaguas.es\/wp-content\/uploads\/2023\/12\/osmosis-inversa3-e9e3865634.jpg&#8221; title_text=&#8221;osmosis-inversa3-e9e3865634&#8243; align=&#8221;center&#8221; _builder_version=&#8221;4.23.1&#8243; _module_preset=&#8221;default&#8221; global_colors_info=&#8221;{}&#8221;][\/et_pb_image][\/et_pb_column][et_pb_column type=&#8221;1_3&#8243; _builder_version=&#8221;4.23.1&#8243; _module_preset=&#8221;default&#8221; global_colors_info=&#8221;{}&#8221;][et_pb_image src=&#8221;https:\/\/tecnoaguas.es\/wp-content\/uploads\/2023\/12\/osmosis-inversa2-742f623d2f.jpg&#8221; title_text=&#8221;osmosis-inversa2-742f623d2f&#8221; align=&#8221;center&#8221; _builder_version=&#8221;4.23.1&#8243; _module_preset=&#8221;default&#8221; global_colors_info=&#8221;{}&#8221;][\/et_pb_image][\/et_pb_column][\/et_pb_row][et_pb_row _builder_version=&#8221;4.23.1&#8243; _module_preset=&#8221;default&#8221; border_width_bottom=&#8221;2px&#8221; border_color_bottom=&#8221;#285599&#8243; global_colors_info=&#8221;{}&#8221;][et_pb_column type=&#8221;4_4&#8243; _builder_version=&#8221;4.23.1&#8243; _module_preset=&#8221;default&#8221; global_colors_info=&#8221;{}&#8221;][et_pb_text _builder_version=&#8221;4.23.1&#8243; _module_preset=&#8221;d6c9e4f7-c8a1-4da3-ac9b-b748686f0b09&#8243; text_text_color=&#8221;#000000&#8243; text_font_size=&#8221;14px&#8221; header_2_font=&#8221;|700|||||||&#8221; header_2_font_size=&#8221;22px&#8221; header_3_font=&#8221;|700||on|||||&#8221; header_3_font_size=&#8221;20px&#8221; text_orientation=&#8221;center&#8221; custom_margin=&#8221;||18px||false|false&#8221; global_colors_info=&#8221;{}&#8221;]<\/p>\n<h3>AQUA BIER<\/h3>\n<p>[\/et_pb_text][et_pb_button button_url=&#8221;https:\/\/tecnoaguas.es\/wp-content\/uploads\/2023\/12\/FOLLETO-AQUABIER.pdf&#8221; url_new_window=&#8221;on&#8221; button_text=&#8221;Fullet informatiu&#8221; button_alignment=&#8221;center&#8221; _builder_version=&#8221;4.23.1&#8243; _module_preset=&#8221;default&#8221; hover_enabled=&#8221;0&#8243; global_colors_info=&#8221;{}&#8221; sticky_enabled=&#8221;0&#8243;][\/et_pb_button][\/et_pb_column][\/et_pb_row][\/et_pb_section][et_pb_section fb_built=&#8221;1&#8243; custom_padding_last_edited=&#8221;on|desktop&#8221; admin_label=&#8221;Footer CTA&#8221; _builder_version=&#8221;4.23.1&#8243; _module_preset=&#8221;default&#8221; background_image=&#8221;https:\/\/tecnoaguas.es\/wp-content\/uploads\/2023\/11\/h9.jpg&#8221; custom_padding=&#8221;0px||120px||false|false&#8221; custom_padding_tablet=&#8221;||0px||false|false&#8221; custom_padding_phone=&#8221;||||false|false&#8221; saved_tabs=&#8221;all&#8221; collapsed=&#8221;on&#8221; global_colors_info=&#8221;{%22gcid-c61d595c-65d1-455d-b447-e1edcceee1e9%22:%91%22background_color_gradient_stops%22,%22background_color_gradient_stops%22%93}&#8221; global_module=&#8221;272&#8243; theme_builder_area=&#8221;post_content&#8221;][et_pb_row column_structure=&#8221;1_2,1_2&#8243; use_custom_gutter=&#8221;on&#8221; gutter_width=&#8221;1&#8243; make_equal=&#8221;on&#8221; _builder_version=&#8221;4.23.1&#8243; _module_preset=&#8221;default&#8221; custom_padding=&#8221;0px||0px||true|false&#8221; box_shadow_style=&#8221;preset4&#8243; box_shadow_horizontal=&#8221;30vw&#8221; box_shadow_vertical=&#8221;0px&#8221; box_shadow_color=&#8221;gcid-3a379ca8-6bf9-434c-8a61-08511851f29f&#8221; global_colors_info=&#8221;{%22gcid-3a379ca8-6bf9-434c-8a61-08511851f29f%22:%91%22box_shadow_color%22%93}&#8221; theme_builder_area=&#8221;post_content&#8221;][et_pb_column type=&#8221;1_2&#8243; _builder_version=&#8221;4.23.1&#8243; _module_preset=&#8221;default&#8221; background_color=&#8221;gcid-ba664267-6f92-4ac5-a88f-855d6fa318fd&#8221; custom_padding=&#8221;40px|20px|40px|20px|true|true&#8221; custom_padding_tablet=&#8221;30px|30px|30px|30px|true|true&#8221; custom_padding_phone=&#8221;20px|20px|20px|20px|true|true&#8221; custom_padding_last_edited=&#8221;off|desktop&#8221; global_colors_info=&#8221;{%22gcid-ba664267-6f92-4ac5-a88f-855d6fa318fd%22:%91%22background_color%22%93}&#8221; theme_builder_area=&#8221;post_content&#8221;][et_pb_text _builder_version=&#8221;4.23.1&#8243; _module_preset=&#8221;3733fb4d-7260-4717-bf95-84819b5451a1&#8243; header_2_text_color=&#8221;#FFFFFF&#8221; header_2_font_size=&#8221;35px&#8221; global_colors_info=&#8221;{}&#8221; theme_builder_area=&#8221;post_content&#8221;]<\/p>\n<h2>Necessites els nostres serveis?<\/h2>\n<p>[\/et_pb_text][\/et_pb_column][et_pb_column type=&#8221;1_2&#8243; _builder_version=&#8221;4.19.0&#8243; _module_preset=&#8221;default&#8221; background_color=&#8221;gcid-3a379ca8-6bf9-434c-8a61-08511851f29f&#8221; custom_padding=&#8221;40px|40px|40px|40px|true|true&#8221; custom_padding_tablet=&#8221;30px|30px|30px|30px|true|true&#8221; custom_padding_phone=&#8221;20px|20px|20px|20px|true|true&#8221; custom_padding_last_edited=&#8221;on|tablet&#8221; global_colors_info=&#8221;{%22gcid-ba664267-6f92-4ac5-a88f-855d6fa318fd%22:%91%22background_color%22%93,%22gcid-3a379ca8-6bf9-434c-8a61-08511851f29f%22:%91%22background_color%22%93}&#8221; theme_builder_area=&#8221;post_content&#8221;][et_pb_text _builder_version=&#8221;4.23.1&#8243; _module_preset=&#8221;ee146dfe-ce92-4292-886e-5a556845418a&#8221; header_3_text_color=&#8221;#FFFFFF&#8221; global_colors_info=&#8221;{}&#8221; theme_builder_area=&#8221;post_content&#8221;]<\/p>\n<h3>Contacta amb nosaltres<\/h3>\n<p>[\/et_pb_text][et_pb_button button_url=&#8221;\/ca\/contacte&#8221; button_text=&#8221;Contactar&#8221; _builder_version=&#8221;4.23.1&#8243; _module_preset=&#8221;4ccf63ec-e9ea-41b6-babe-75bed7bc7e72&#8243; button_text_color=&#8221;#FFFFFF&#8221; button_bg_color=&#8221;#29569a&#8221; locked=&#8221;off&#8221; global_colors_info=&#8221;{}&#8221; theme_builder_area=&#8221;post_content&#8221;][\/et_pb_button][\/et_pb_column][\/et_pb_row][\/et_pb_section]<\/p>\n","protected":false},"excerpt":{"rendered":"<p>Osmosi InversaDes del sistema dom\u00e8stic d\u2019instal\u2022laci\u00f3 sota pica m\u00e9s b\u00e0sic, fins a grans equips per a l\u2019alimentaci\u00f3 de processos industrials, dissenyem i subministrem plantes d\u2019osmosi completes, incloent-hi el pretractament idoni d\u2019acord amb les caracter\u00edstiques de l\u2019aigua crua. Disposem tamb\u00e9 de dip\u00f2sits per emmagatzematge i grups de pressi\u00f3 per l\u2019alimentaci\u00f3 de maquin\u00e0ria amb l\u2019aigua osmotitzada, aix\u00ed [&hellip;]<\/p>\n","protected":false},"author":1,"featured_media":0,"parent":0,"menu_order":0,"comment_status":"closed","ping_status":"closed","template":"","meta":{"_et_pb_use_builder":"on","_et_pb_old_content":"","_et_gb_content_width":"","footnotes":""},"class_list":["post-306","page","type-page","status-publish","hentry"],"yoast_head":"<!-- This site is optimized with the Yoast SEO plugin v26.8 - https:\/\/yoast.com\/product\/yoast-seo-wordpress\/ -->\n<title>Osmosi Inversa - Tecno Aguas<\/title>\n<meta name=\"robots\" content=\"index, follow, max-snippet:-1, max-image-preview:large, max-video-preview:-1\" \/>\n<link rel=\"canonical\" href=\"https:\/\/tecnoaguas.es\/osmosis-inversa\" \/>\n<meta property=\"og:locale\" content=\"ca_ES\" \/>\n<meta property=\"og:type\" content=\"article\" \/>\n<meta property=\"og:title\" content=\"Osmosi Inversa - Tecno Aguas\" \/>\n<meta property=\"og:description\" content=\"Osmosi InversaDes del sistema dom\u00e8stic d\u2019instal\u2022laci\u00f3 sota pica m\u00e9s b\u00e0sic, fins a grans equips per a l\u2019alimentaci\u00f3 de processos industrials, dissenyem i subministrem plantes d\u2019osmosi completes, incloent-hi el pretractament idoni d\u2019acord amb les caracter\u00edstiques de l\u2019aigua crua. Disposem tamb\u00e9 de dip\u00f2sits per emmagatzematge i grups de pressi\u00f3 per l\u2019alimentaci\u00f3 de maquin\u00e0ria amb l\u2019aigua osmotitzada, aix\u00ed [&hellip;]\" \/>\n<meta property=\"og:url\" content=\"https:\/\/tecnoaguas.es\/osmosis-inversa\" \/>\n<meta property=\"og:site_name\" content=\"Tecno Aguas\" \/>\n<meta property=\"article:modified_time\" content=\"2023-12-11T09:46:38+00:00\" \/>\n<meta name=\"twitter:card\" content=\"summary_large_image\" \/>\n<meta name=\"twitter:label1\" content=\"Temps estimat de lectura\" \/>\n\t<meta name=\"twitter:data1\" content=\"8 minuts\" \/>\n<script type=\"application\/ld+json\" class=\"yoast-schema-graph\">{\"@context\":\"https:\/\/schema.org\",\"@graph\":[{\"@type\":\"WebPage\",\"@id\":\"https:\/\/tecnoaguas.es\/osmosis-inversa\",\"url\":\"https:\/\/tecnoaguas.es\/osmosis-inversa\",\"name\":\"Osmosi Inversa - Tecno Aguas\",\"isPartOf\":{\"@id\":\"https:\/\/tecnoaguas.es\/#website\"},\"datePublished\":\"2023-12-07T16:22:33+00:00\",\"dateModified\":\"2023-12-11T09:46:38+00:00\",\"inLanguage\":\"ca\",\"potentialAction\":[{\"@type\":\"ReadAction\",\"target\":[\"https:\/\/tecnoaguas.es\/osmosis-inversa\"]}]},{\"@type\":\"WebSite\",\"@id\":\"https:\/\/tecnoaguas.es\/#website\",\"url\":\"https:\/\/tecnoaguas.es\/\",\"name\":\"Tecno Aguas\",\"description\":\"\",\"potentialAction\":[{\"@type\":\"SearchAction\",\"target\":{\"@type\":\"EntryPoint\",\"urlTemplate\":\"https:\/\/tecnoaguas.es\/?s={search_term_string}\"},\"query-input\":{\"@type\":\"PropertyValueSpecification\",\"valueRequired\":true,\"valueName\":\"search_term_string\"}}],\"inLanguage\":\"ca\"}]}<\/script>\n<!-- \/ Yoast SEO plugin. -->","yoast_head_json":{"title":"Osmosi Inversa - Tecno Aguas","robots":{"index":"index","follow":"follow","max-snippet":"max-snippet:-1","max-image-preview":"max-image-preview:large","max-video-preview":"max-video-preview:-1"},"canonical":"https:\/\/tecnoaguas.es\/osmosis-inversa","og_locale":"ca_ES","og_type":"article","og_title":"Osmosi Inversa - Tecno Aguas","og_description":"Osmosi InversaDes del sistema dom\u00e8stic d\u2019instal\u2022laci\u00f3 sota pica m\u00e9s b\u00e0sic, fins a grans equips per a l\u2019alimentaci\u00f3 de processos industrials, dissenyem i subministrem plantes d\u2019osmosi completes, incloent-hi el pretractament idoni d\u2019acord amb les caracter\u00edstiques de l\u2019aigua crua. Disposem tamb\u00e9 de dip\u00f2sits per emmagatzematge i grups de pressi\u00f3 per l\u2019alimentaci\u00f3 de maquin\u00e0ria amb l\u2019aigua osmotitzada, aix\u00ed [&hellip;]","og_url":"https:\/\/tecnoaguas.es\/osmosis-inversa","og_site_name":"Tecno Aguas","article_modified_time":"2023-12-11T09:46:38+00:00","twitter_card":"summary_large_image","twitter_misc":{"Temps estimat de lectura":"8 minuts"},"schema":{"@context":"https:\/\/schema.org","@graph":[{"@type":"WebPage","@id":"https:\/\/tecnoaguas.es\/osmosis-inversa","url":"https:\/\/tecnoaguas.es\/osmosis-inversa","name":"Osmosi Inversa - Tecno Aguas","isPartOf":{"@id":"https:\/\/tecnoaguas.es\/#website"},"datePublished":"2023-12-07T16:22:33+00:00","dateModified":"2023-12-11T09:46:38+00:00","inLanguage":"ca","potentialAction":[{"@type":"ReadAction","target":["https:\/\/tecnoaguas.es\/osmosis-inversa"]}]},{"@type":"WebSite","@id":"https:\/\/tecnoaguas.es\/#website","url":"https:\/\/tecnoaguas.es\/","name":"Tecno Aguas","description":"","potentialAction":[{"@type":"SearchAction","target":{"@type":"EntryPoint","urlTemplate":"https:\/\/tecnoaguas.es\/?s={search_term_string}"},"query-input":{"@type":"PropertyValueSpecification","valueRequired":true,"valueName":"search_term_string"}}],"inLanguage":"ca"}]}},"_links":{"self":[{"href":"https:\/\/tecnoaguas.es\/ca\/wp-json\/wp\/v2\/pages\/306","targetHints":{"allow":["GET"]}}],"collection":[{"href":"https:\/\/tecnoaguas.es\/ca\/wp-json\/wp\/v2\/pages"}],"about":[{"href":"https:\/\/tecnoaguas.es\/ca\/wp-json\/wp\/v2\/types\/page"}],"author":[{"embeddable":true,"href":"https:\/\/tecnoaguas.es\/ca\/wp-json\/wp\/v2\/users\/1"}],"replies":[{"embeddable":true,"href":"https:\/\/tecnoaguas.es\/ca\/wp-json\/wp\/v2\/comments?post=306"}],"version-history":[{"count":2,"href":"https:\/\/tecnoaguas.es\/ca\/wp-json\/wp\/v2\/pages\/306\/revisions"}],"predecessor-version":[{"id":308,"href":"https:\/\/tecnoaguas.es\/ca\/wp-json\/wp\/v2\/pages\/306\/revisions\/308"}],"wp:attachment":[{"href":"https:\/\/tecnoaguas.es\/ca\/wp-json\/wp\/v2\/media?parent=306"}],"curies":[{"name":"wp","href":"https:\/\/api.w.org\/{rel}","templated":true}]}}